{"id":68,"date":"2016-04-07T18:30:39","date_gmt":"2016-04-07T18:30:39","guid":{"rendered":"http:\/\/neurologie-chutny.cz\/?page_id=68"},"modified":"2016-04-17T19:39:49","modified_gmt":"2016-04-17T19:39:49","slug":"kontaktni-udaje","status":"publish","type":"page","link":"https:\/\/neurologie-chutny.cz\/?page_id=68","title":{"rendered":"Kontaktn\u00ed \u00fadaje"},"content":{"rendered":"<div><span class=\"fs21 cf1 ff1\"><b>MUDr. Radim Chutn\u00fd, s.<\/b><\/span><span class=\"fs21 cf1 ff1\"><b>r.o.<\/b><\/span><\/div>\n<div><span class=\"cf1 ff1\"><span class=\"fs16\">n\u00e1m\u011bst\u00ed Slovensk\u00e9ho n\u00e1rodn\u00edho povst\u00e1n\u00ed 1886\/4<\/span><br \/>\n<\/span><\/div>\n<div><span class=\"fs16 cf1 ff1\">700 30 \u00a0Ostrava-Z\u00e1b\u0159eh<\/span><\/div>\n<div><\/div>\n<div>\n<div><span class=\"fs16 cf1 ff1\">telefon pro objedn\u00e1n\u00ed: 596 747 757<\/span><\/div>\n<\/div>\n<div><\/div>\n<div><span class=\"fs16 cf1 ff1\">I\u010c: 28637623<\/span><\/div>\n<div><\/div>\n","protected":false},"excerpt":{"rendered":"<p>MUDr. Radim Chutn\u00fd, s.r.o. n\u00e1m\u011bst\u00ed Slovensk\u00e9ho n\u00e1rodn\u00edho povst\u00e1n\u00ed 1886\/4 700 30 \u00a0Ostrava-Z\u00e1b\u0159eh telefon pro objedn\u00e1n\u00ed: 596 747 757 I\u010c: 28637623<\/p>\n","protected":false},"author":1,"featured_media":0,"parent":0,"menu_order":0,"comment_status":"closed","ping_status":"closed","template":"","meta":{"spay_email":""},"_links":{"self":[{"href":"https:\/\/neurologie-chutny.cz\/index.php?rest_route=\/wp\/v2\/pages\/68"}],"collection":[{"href":"https:\/\/neurologie-chutny.cz\/index.php?rest_route=\/wp\/v2\/pages"}],"about":[{"href":"https:\/\/neurologie-chutny.cz\/index.php?rest_route=\/wp\/v2\/types\/page"}],"author":[{"embeddable":true,"href":"https:\/\/neurologie-chutny.cz\/index.php?rest_route=\/wp\/v2\/users\/1"}],"replies":[{"embeddable":true,"href":"https:\/\/neurologie-chutny.cz\/index.php?rest_route=%2Fwp%2Fv2%2Fcomments&post=68"}],"version-history":[{"count":3,"href":"https:\/\/neurologie-chutny.cz\/index.php?rest_route=\/wp\/v2\/pages\/68\/revisions"}],"predecessor-version":[{"id":129,"href":"https:\/\/neurologie-chutny.cz\/index.php?rest_route=\/wp\/v2\/pages\/68\/revisions\/129"}],"wp:attachment":[{"href":"https:\/\/neurologie-chutny.cz\/index.php?rest_route=%2Fwp%2Fv2%2Fmedia&parent=68"}],"curies":[{"name":"wp","href":"https:\/\/api.w.org\/{rel}","templated":true}]}}